{"id":70,"date":"2024-02-14T17:46:00","date_gmt":"2024-02-14T16:46:00","guid":{"rendered":"https:\/\/baloslj.com\/index.php\/colibri-wp\/"},"modified":"2024-10-07T20:16:22","modified_gmt":"2024-10-07T18:16:22","slug":"colibri-wp","status":"publish","type":"page","link":"https:\/\/baloslj.com\/","title":{"rendered":"Front Page"},"content":{"rendered":"<div data-colibri-id=\"70-c1\" class=\"style-325 style-local-70-c1 position-relative\">\n  <!---->\n  <div data-colibri-component=\"section\" data-colibri-id=\"70-c2\" id=\"content-3\" class=\"h-section h-section-global-spacing d-flex align-items-lg-center align-items-md-center align-items-center style-502 style-local-70-c2 position-relative\">\n    <!---->\n    <!---->\n    <div class=\"h-section-grid-container h-section-boxed-container\">\n      <!---->\n      <div data-colibri-id=\"70-c3\" class=\"h-row-container gutters-row-lg-2 gutters-row-md-2 gutters-row-2 gutters-row-v-lg-2 gutters-row-v-md-2 gutters-row-v-2 style-503 style-local-70-c3 position-relative\">\n        <!---->\n        <div class=\"h-row justify-content-lg-center justify-content-md-center justify-content-center align-items-lg-stretch align-items-md-stretch align-items-stretch gutters-col-lg-2 gutters-col-md-2 gutters-col-2 gutters-col-v-lg-2 gutters-col-v-md-2 gutters-col-v-2\">\n          <!---->\n          <div class=\"h-column h-column-container d-flex h-col-lg-auto h-col-md-auto h-col-auto style-504-outer style-local-70-c4-outer\">\n            <div data-colibri-id=\"70-c4\" class=\"d-flex h-flex-basis h-column__inner h-px-lg-0 h-px-md-0 h-px-2 v-inner-lg-0 v-inner-md-0 v-inner-2 style-504 style-local-70-c4 position-relative\">\n              <!---->\n              <!---->\n              <div class=\"w-100 h-y-container h-column__content h-column__v-align flex-basis-100 align-self-lg-center align-self-md-center align-self-center\">\n                <!---->\n                <div data-colibri-id=\"70-c5\" class=\"h-global-transition-all h-heading style-505 style-local-70-c5 position-relative h-element\">\n                  <!---->\n                  <div class=\"h-heading__outer style-505 style-local-70-c5\">\n                    <!---->\n                    <!---->\n                    <h3 class=\"\">En pr\u00e9sence de\n                      <br>S.A.R. le Prince Fran\u00e7ois d&#8217;Orl\u00e9ans, comte de Dreux,\n                      <br>51\u00e8me Grand Ma\u00eetre<\/h3>\n                  <\/div>\n                <\/div>\n                <div data-colibri-id=\"70-c6\" class=\"h-text h-text-component style-506 style-local-70-c6 position-relative h-element\">\n                  <!---->\n                  <!---->\n                  <div class=\"\"><\/div>\n                <\/div>\n              <\/div>\n            <\/div>\n          <\/div>\n          <div class=\"h-column h-column-container d-flex h-col-lg-auto h-col-md-auto h-col-auto style-509-outer style-local-70-c7-outer\">\n            <div data-colibri-id=\"70-c7\" class=\"d-flex h-flex-basis h-column__inner h-px-lg-0 h-px-md-2 h-px-0 v-inner-lg-0 v-inner-md-2 v-inner-0 style-509 style-local-70-c7 position-relative\">\n              <!---->\n              <!---->\n              <div class=\"w-100 h-y-container h-column__content h-column__v-align flex-basis-100 align-self-lg-center align-self-md-center align-self-center\">\n                <!---->\n                <div data-colibri-id=\"70-c8\" class=\"d-block style-510 style-local-70-c8 position-relative h-element\">\n                  <!---->\n                  <div class=\"h-image__frame-container-outer\">\n                    <div class=\"h-image__frame-container\">\n                      <!---->\n                      <!---->\n                      <img loading=\"lazy\" decoding=\"async\" width=\"1498\" height=\"1719\" src=\"https:\/\/baloslj.com\/wp-content\/uploads\/2024\/10\/cropped-Prince_Francois_dOrleans_GCLJ-J.jpg\" class=\"wp-image-164 style-510-image style-local-70-c8-image\" alt=\"\" srcset=\"https:\/\/baloslj.com\/wp-content\/uploads\/2024\/10\/cropped-Prince_Francois_dOrleans_GCLJ-J.jpg 1498w, https:\/\/baloslj.com\/wp-content\/uploads\/2024\/10\/cropped-Prince_Francois_dOrleans_GCLJ-J-261x300.jpg 261w, https:\/\/baloslj.com\/wp-content\/uploads\/2024\/10\/cropped-Prince_Francois_dOrleans_GCLJ-J-892x1024.jpg 892w, https:\/\/baloslj.com\/wp-content\/uploads\/2024\/10\/cropped-Prince_Francois_dOrleans_GCLJ-J-768x881.jpg 768w, https:\/\/baloslj.com\/wp-content\/uploads\/2024\/10\/cropped-Prince_Francois_dOrleans_GCLJ-J-1339x1536.jpg 1339w, https:\/\/baloslj.com\/wp-content\/uploads\/2024\/10\/cropped-Prince_Francois_dOrleans_GCLJ-J-1320x1515.jpg 1320w, https:\/\/baloslj.com\/wp-content\/uploads\/2024\/10\/cropped-Prince_Francois_dOrleans_GCLJ-J-600x689.jpg 600w\" sizes=\"auto, (max-width: 1498px) 100vw, 1498px\" \/>\n                      <div class=\"h-image__frame h-hide-sm style-510-frameImage style-local-70-c8-frameImage\"><\/div>\n                    <\/div>\n                  <\/div>\n                <\/div>\n              <\/div>\n            <\/div>\n          <\/div>\n        <\/div>\n      <\/div>\n    <\/div>\n  <\/div>\n  <div data-colibri-component=\"section\" data-colibri-id=\"70-c9\" id=\"content\" class=\"h-section h-section-global-spacing d-flex align-items-lg-center align-items-md-center align-items-center style-484 style-local-70-c9 position-relative\">\n    <!---->\n    <!---->\n    <div class=\"h-section-grid-container h-section-boxed-container\">\n      <!---->\n      <div data-colibri-id=\"70-c10\" class=\"h-row-container gutters-row-lg-2 gutters-row-md-2 gutters-row-2 gutters-row-v-lg-2 gutters-row-v-md-2 gutters-row-v-2 style-485 style-local-70-c10 position-relative\">\n        <!---->\n        <div class=\"h-row justify-content-lg-center justify-content-md-center justify-content-center align-items-lg-stretch align-items-md-stretch align-items-stretch gutters-col-lg-2 gutters-col-md-2 gutters-col-2 gutters-col-v-lg-2 gutters-col-v-md-2 gutters-col-v-2\">\n          <!---->\n          <div class=\"h-column h-column-container d-flex h-col-lg-auto h-col-md-auto h-col-auto style-486-outer style-local-70-c11-outer\">\n            <div data-colibri-id=\"70-c11\" class=\"d-flex h-flex-basis h-column__inner h-px-lg-0 h-px-md-2 h-px-0 v-inner-lg-0 v-inner-md-2 v-inner-0 style-486 style-local-70-c11 position-relative\">\n              <!---->\n              <!---->\n              <div class=\"w-100 h-y-container h-column__content h-column__v-align flex-basis-100 align-self-lg-center align-self-md-center align-self-center\">\n                <!---->\n                <div data-colibri-id=\"70-c12\" class=\"d-block style-487 style-local-70-c12 position-relative h-element\">\n                  <!---->\n                  <div class=\"h-image__frame-container-outer\">\n                    <div class=\"h-image__frame-container\">\n                      <!---->\n                      <!---->\n                      <img loading=\"lazy\" decoding=\"async\" width=\"1024\" height=\"1026\" src=\"https:\/\/baloslj.com\/wp-content\/uploads\/2024\/02\/cropped-0011.jpg\" class=\"wp-image-115 style-487-image style-local-70-c12-image\" alt=\"\" srcset=\"https:\/\/baloslj.com\/wp-content\/uploads\/2024\/02\/cropped-0011.jpg 1024w, https:\/\/baloslj.com\/wp-content\/uploads\/2024\/02\/cropped-0011-300x300.jpg 300w, https:\/\/baloslj.com\/wp-content\/uploads\/2024\/02\/cropped-0011-1022x1024.jpg 1022w, https:\/\/baloslj.com\/wp-content\/uploads\/2024\/02\/cropped-0011-150x150.jpg 150w, https:\/\/baloslj.com\/wp-content\/uploads\/2024\/02\/cropped-0011-768x770.jpg 768w, https:\/\/baloslj.com\/wp-content\/uploads\/2024\/02\/cropped-0011-600x601.jpg 600w, https:\/\/baloslj.com\/wp-content\/uploads\/2024\/02\/cropped-0011-100x100.jpg 100w\" sizes=\"auto, (max-width: 1024px) 100vw, 1024px\" \/>\n                      <div class=\"h-image__frame h-hide-sm style-487-frameImage style-local-70-c12-frameImage\"><\/div>\n                    <\/div>\n                  <\/div>\n                <\/div>\n              <\/div>\n            <\/div>\n          <\/div>\n          <div class=\"h-column h-column-container d-flex h-col-lg-auto h-col-md-auto h-col-auto style-488-outer style-local-70-c13-outer\">\n            <div data-colibri-id=\"70-c13\" class=\"d-flex h-flex-basis h-column__inner h-px-lg-0 h-px-md-0 h-px-2 v-inner-lg-0 v-inner-md-0 v-inner-2 style-488 style-local-70-c13 position-relative\">\n              <!---->\n              <!---->\n              <div class=\"w-100 h-y-container h-column__content h-column__v-align flex-basis-100 align-self-lg-center align-self-md-center align-self-center\">\n                <!---->\n                <div data-colibri-id=\"70-c14\" class=\"h-global-transition-all h-heading style-489 style-local-70-c14 position-relative h-element\">\n                  <!---->\n                  <div class=\"h-heading__outer style-489 style-local-70-c14\">\n                    <!---->\n                    <!---->\n                    <h3 class=\"\">R\u00e9servez vos places<\/h3>\n                  <\/div>\n                <\/div>\n                <div data-colibri-id=\"70-c15\" class=\"h-text h-text-component style-490 style-local-70-c15 position-relative h-element\">\n                  <!---->\n                  <!---->\n                  <div class=\"\">\n                    <p>Les places sont limit\u00e9es\n                      <br>\n                    <\/p>\n                  <\/div>\n                <\/div>\n                <div data-colibri-id=\"70-c16\" class=\"h-x-container style-491 style-local-70-c16 position-relative h-element\">\n                  <!---->\n                  <div class=\"h-x-container-inner style-dynamic-70-c16-group style-491-spacing style-local-70-c16-spacing\"><span class=\"h-button__outer style-492-outer style-local-70-c17-outer d-inline-flex h-element\"><a h-use-smooth-scroll=\"true\" href=\"https:\/\/baloslj.com\/index.php\/boutique\/\"  data-colibri-id=\"70-c17\" class=\"d-flex w-100 align-items-center h-button justify-content-lg-center justify-content-md-center justify-content-center style-492 style-local-70-c17 position-relative\"><!----><!----> <span>Achetez vos places ici<\/span><\/a>\n                    <\/span>\n                  <\/div>\n                <\/div>\n              <\/div>\n            <\/div>\n          <\/div>\n        <\/div>\n      <\/div>\n    <\/div>\n  <\/div>\n  <div data-colibri-component=\"section\" data-colibri-id=\"70-c18\" id=\"content-2\" class=\"h-section h-section-global-spacing d-flex align-items-lg-center align-items-md-center align-items-center style-493 style-local-70-c18 position-relative\">\n    <!---->\n    <!---->\n    <div class=\"h-section-grid-container h-section-boxed-container\">\n      <!---->\n      <div data-colibri-id=\"70-c19\" class=\"h-row-container gutters-row-lg-2 gutters-row-md-2 gutters-row-2 gutters-row-v-lg-2 gutters-row-v-md-2 gutters-row-v-2 style-494 style-local-70-c19 position-relative\">\n        <!---->\n        <div class=\"h-row justify-content-lg-center justify-content-md-center justify-content-center align-items-lg-stretch align-items-md-stretch align-items-stretch gutters-col-lg-2 gutters-col-md-2 gutters-col-2 gutters-col-v-lg-2 gutters-col-v-md-2 gutters-col-v-2\">\n          <!---->\n          <div class=\"h-column h-column-container d-flex h-col-lg-auto h-col-md-auto h-col-auto style-495-outer style-local-70-c20-outer\">\n            <div data-colibri-id=\"70-c20\" class=\"d-flex h-flex-basis h-column__inner h-px-lg-0 h-px-md-0 h-px-2 v-inner-lg-0 v-inner-md-0 v-inner-2 style-495 style-local-70-c20 position-relative\">\n              <!---->\n              <!---->\n              <div class=\"w-100 h-y-container h-column__content h-column__v-align flex-basis-100 align-self-lg-center align-self-md-center align-self-center\">\n                <!---->\n                <div data-colibri-id=\"70-c21\" class=\"h-global-transition-all h-heading style-496 style-local-70-c21 position-relative h-element\">\n                  <!---->\n                  <div class=\"h-heading__outer style-496 style-local-70-c21\">\n                    <!---->\n                    <!---->\n                    <h3 class=\"\">Le Cercle du Gaulois<\/h3>\n                  <\/div>\n                <\/div>\n                <div data-colibri-id=\"70-c22\" class=\"h-text h-text-component style-497 style-local-70-c22 position-relative h-element\">\n                  <!---->\n                  <!---->\n                  <div class=\"\">\n                    <p>Le bal aura lieu au Cercle du Gaulois:<\/p>\n                    <p>\n                      <a href=\"https:\/\/www.google.com\/maps\/place\/\/data=!4m2!3m1!1s0x47c3c482375a427b:0xde9d92cd838ceb1?sa=X&amp;ved=1t%3A8290&amp;ictx=111\" class=\"customize-unpreviewable\">Rue de la Loi 5, 1000 Bruxelles<\/a>\n                    <\/p>\n                    <p>\n                      <br>\n                    <\/p>\n                  <\/div>\n                <\/div>\n              <\/div>\n            <\/div>\n          <\/div>\n          <div class=\"h-column h-column-container d-flex h-col-lg-auto h-col-md-auto h-col-auto style-500-outer style-local-70-c23-outer\">\n            <div data-colibri-id=\"70-c23\" class=\"d-flex h-flex-basis h-column__inner h-px-lg-0 h-px-md-2 h-px-0 v-inner-lg-0 v-inner-md-2 v-inner-0 style-500 style-local-70-c23 position-relative\">\n              <!---->\n              <!---->\n              <div class=\"w-100 h-y-container h-column__content h-column__v-align flex-basis-100 align-self-lg-center align-self-md-center align-self-center\">\n                <!---->\n                <div data-colibri-id=\"70-c24\" class=\"d-block style-501 style-local-70-c24 position-relative h-element\">\n                  <!---->\n                  <div class=\"h-image__frame-container-outer\">\n                    <div class=\"h-image__frame-container\">\n                      <!---->\n                      <!---->\n                      <img loading=\"lazy\" decoding=\"async\" width=\"740\" height=\"591\" src=\"https:\/\/baloslj.com\/wp-content\/uploads\/2024\/09\/cropped-Capture-decran-2024-09-28-173910.png\" class=\"wp-image-139 style-501-image style-local-70-c24-image\" alt=\"\" srcset=\"https:\/\/baloslj.com\/wp-content\/uploads\/2024\/09\/cropped-Capture-decran-2024-09-28-173910.png 740w, https:\/\/baloslj.com\/wp-content\/uploads\/2024\/09\/cropped-Capture-decran-2024-09-28-173910-300x240.png 300w, https:\/\/baloslj.com\/wp-content\/uploads\/2024\/09\/cropped-Capture-decran-2024-09-28-173910-600x479.png 600w\" sizes=\"auto, (max-width: 740px) 100vw, 740px\" \/>\n                      <div class=\"h-image__frame h-hide-sm style-501-frameImage style-local-70-c24-frameImage\"><\/div>\n                    <\/div>\n                  <\/div>\n                <\/div>\n              <\/div>\n            <\/div>\n          <\/div>\n        <\/div>\n      <\/div>\n    <\/div>\n  <\/div>\n<\/div>","protected":false},"excerpt":{"rendered":"<p>En pr\u00e9sence de S.A.R. le Prince Fran\u00e7ois d&#8217;Orl\u00e9ans, comte de Dreux, 51\u00e8me Grand Ma\u00eetre R\u00e9servez vos places Les places sont limit\u00e9es Achetez vos places ici Le Cercle du Gaulois Le bal aura lieu au Cercle du Gaulois: Rue de la Loi 5, 1000 Bruxelles<\/p>\n","protected":false},"author":2,"featured_media":0,"parent":0,"menu_order":0,"comment_status":"closed","ping_status":"closed","template":"page-templates\/homepage.php","meta":{"footnotes":""},"class_list":["post-70","page","type-page","status-publish","hentry"],"jetpack_sharing_enabled":true,"_links":{"self":[{"href":"https:\/\/baloslj.com\/index.php\/wp-json\/wp\/v2\/pages\/70","targetHints":{"allow":["GET"]}}],"collection":[{"href":"https:\/\/baloslj.com\/index.php\/wp-json\/wp\/v2\/pages"}],"about":[{"href":"https:\/\/baloslj.com\/index.php\/wp-json\/wp\/v2\/types\/page"}],"author":[{"embeddable":true,"href":"https:\/\/baloslj.com\/index.php\/wp-json\/wp\/v2\/users\/2"}],"replies":[{"embeddable":true,"href":"https:\/\/baloslj.com\/index.php\/wp-json\/wp\/v2\/comments?post=70"}],"version-history":[{"count":16,"href":"https:\/\/baloslj.com\/index.php\/wp-json\/wp\/v2\/pages\/70\/revisions"}],"predecessor-version":[{"id":197,"href":"https:\/\/baloslj.com\/index.php\/wp-json\/wp\/v2\/pages\/70\/revisions\/197"}],"wp:attachment":[{"href":"https:\/\/baloslj.com\/index.php\/wp-json\/wp\/v2\/media?parent=70"}],"curies":[{"name":"wp","href":"https:\/\/api.w.org\/{rel}","templated":true}]}}